{"id":4507,"date":"2025-11-09T12:33:47","date_gmt":"2025-11-09T12:33:47","guid":{"rendered":"https:\/\/imperialtwing.com\/?post_type=product&#038;p=4507"},"modified":"2025-12-09T12:38:39","modified_gmt":"2025-12-09T12:38:39","slug":"krimi-duo","status":"publish","type":"product","link":"https:\/\/imperialtwing.com\/de\/produkt\/krimi-duo\/","title":{"rendered":"Deutsches Krimi-Duo"},"content":{"rendered":"<div class=\"box more-info\">\n<h2>L\u00f6sen die Geheimnisse des verschwundenen Anh\u00e4ngers und der t\u00f6dlichen Kreuzfahrt.<\/h2>\n<div class=\"detail-listing-container\">\n<ul>\n<li><b>Spieler:<\/b> 1-3<\/li>\n<li><b>Sprache:<\/b> Deutsch<\/li>\n<li><b>Alter:<\/b> 12+<\/li>\n<li><b>Dauer:<\/b> 2-4 Stunden pro R\u00e4tselheft<\/li>\n<\/ul>\n<\/div>\n<p>Zwei illustrierte Escape Spiel, in denen Sie 14 bzw. 15 R\u00e4tsel l\u00f6sen m\u00fcssen, um den M\u00f6rder zu fassen.<\/p>\n<h3 class=\"product_title entry-title\">Das Geheimnis des blutroten Anh\u00e4ngers<\/h3>\n<p>Es ist Ende Dezember. Du bist als Privatdetektiv angeheuert worden, um das Verschwinden eines l\u00e4ngst verloren geglaubten Familienerbst\u00fccks, <strong>des blutroten Anh\u00e4ngers<\/strong>, zu untersuchen. Die Ermittlungen nehmen eine d\u00fcstere Wendung, als der Anh\u00e4nger <strong>an einem Mordopfer<\/strong> gefunden wird. Zu allem \u00dcberfluss bricht auch noch ein heftiger Schneesturm \u00fcber das Anwesen herein. Du bist nun <strong>mit einem M\u00f6rder in einem Schneesturm gestrandet<\/strong>.<\/p>\n<h3 class=\"product_title entry-title\">Mord auf hoher See<\/h3>\n<p>Pl\u00f6tzlich stehst du auf einem luxuri\u00f6sen Ozeandampfer, der nach New York f\u00e4hrt. Kurz nach der Abfahrt f\u00e4llt ein Schuss und eine Frau in einem roten Kleid wird tot aufgefunden. Die schicken Passagiere scheinen dunkle Geheimnisse zu haben. Jetzt musst du ihre Vergangenheit durchleuchten, um die Wahrheit rauszufinden\u2026<\/p>\n<p>Du brauchst nur einen Stift \u2013 <strong>keine Apps oder Internet<\/strong>. Keine Zeitbegrenzung, und alle Hinweise und L\u00f6sungen findest du auf den letzten Seiten.\u00a0Da du dich nicht um irgendwelche losen Teile k\u00fcmmern musst, kannst du das R\u00e4tsel \u00fcberall l\u00f6sen: im Zug, im Caf\u00e9 oder gem\u00fctlich in einem Sessel an einem regnerischen Tag. Es ist der perfekte Begleiter f\u00fcr eine Solo-Herausforderung oder um die Spannung mit einem Freund zu teilen. Ein tolles Geschenk f\u00fcr jemanden, der gem\u00fctliche Krimis liebt.<\/p>\n<p><b>Tipp:<\/b> Du kannst alle R\u00e4tsel auf einem separaten Blatt Papier l\u00f6sen, um das Magazin in seinem Originalzustand zu erhalten. Das Magazin kann dann <b>von jemand anderem erneut gespielt werden!<\/b><\/p>\n<\/div>","protected":false},"excerpt":{"rendered":"<h2>L\u00f6sen die Geheimnisse des verschwundenen Anh\u00e4ngers und der t\u00f6dlichen Kreuzfahrt.<\/h2>\n<div class=\"detail-listing-container\">\n<ul>\n<li><b>Spieler:<\/b> 1-3<\/li>\n<li><b>Sprache:<\/b> Deutsch<\/li>\n<li><b>Alter:<\/b> 12+<\/li>\n<li><b>Dauer:<\/b> 2-4 Stunden pro R\u00e4tselheft<\/li>\n<\/ul>\n<\/div>\n<p>Zwei illustrierte Escape Spiel, in denen Sie 14 bzw. 15 R\u00e4tsel l\u00f6sen m\u00fcssen, um den M\u00f6rder zu fassen. Keine Zeitbegrenzung, und alle Hinweise und L\u00f6sungen findest du auf den letzten Seiten.<\/p>\n<p>&nbsp;<\/p>","protected":false},"featured_media":4516,"comment_status":"open","ping_status":"closed","template":"","meta":{"_uag_custom_page_level_css":"","site-sidebar-layout":"default","site-content-layout":"","ast-site-content-layout":"default","site-content-style":"default","site-sidebar-style":"default","ast-global-header-display":"","ast-banner-title-visibility":"","ast-main-header-display":"","ast-hfb-above-header-display":"","ast-hfb-below-header-display":"","ast-hfb-mobile-header-display":"","site-post-title":"","ast-breadcrumbs-content":"","ast-featured-img":"","footer-sml-layout":"","ast-disable-related-posts":"","theme-transparent-header-meta":"default","adv-header-id-meta":"","stick-header-meta":"","header-above-stick-meta":"","header-main-stick-meta":"","header-below-stick-meta":"","astra-migrate-meta-layouts":"set","ast-page-background-enabled":"default","ast-page-background-meta":{"desktop":{"background-color":"","background-image":"","background-repeat":"repeat","background-position":"center center","background-size":"auto","background-attachment":"scroll","background-type":"","background-media":"","overlay-type":"","overlay-color":"","overlay-opacity":"","overlay-gradient":""},"tablet":{"background-color":"","background-image":"","background-repeat":"repeat","background-position":"center center","background-size":"auto","background-attachment":"scroll","background-type":"","background-media":"","overlay-type":"","overlay-color":"","overlay-opacity":"","overlay-gradient":""},"mobile":{"background-color":"","background-image":"","background-repeat":"repeat","background-position":"center center","background-size":"auto","background-attachment":"scroll","background-type":"","background-media":"","overlay-type":"","overlay-color":"","overlay-opacity":"","overlay-gradient":""}},"ast-content-background-meta":{"desktop":{"background-color":"var(--ast-global-color-5)","background-image":"","background-repeat":"repeat","background-position":"center center","background-size":"auto","background-attachment":"scroll","background-type":"","background-media":"","overlay-type":"","overlay-color":"","overlay-opacity":"","overlay-gradient":""},"tablet":{"background-color":"var(--ast-global-color-5)","background-image":"","background-repeat":"repeat","background-position":"center center","background-size":"auto","background-attachment":"scroll","background-type":"","background-media":"","overlay-type":"","overlay-color":"","overlay-opacity":"","overlay-gradient":""},"mobile":{"background-color":"var(--ast-global-color-5)","background-image":"","background-repeat":"repeat","background-position":"center center","background-size":"auto","background-attachment":"scroll","background-type":"","background-media":"","overlay-type":"","overlay-color":"","overlay-opacity":"","overlay-gradient":""}}},"product_brand":[79],"product_cat":[80],"product_tag":[],"class_list":{"0":"post-4507","1":"product","2":"type-product","3":"status-publish","4":"has-post-thumbnail","6":"product_brand-cluehound","7":"product_cat-cluehound-de","8":"product_shipping_class-ch-free-shipping","9":"desktop-align-left","10":"tablet-align-left","11":"mobile-align-left","12":"ast-product-gallery-layout-horizontal-slider","13":"ast-product-gallery-with-no-image","14":"ast-magnify-disabled","15":"ast-product-tabs-layout-horizontal","17":"first","18":"instock","19":"sale","20":"featured","21":"shipping-taxable","22":"purchasable","23":"product-type-simple"},"spectra_custom_meta":{"rank_math_internal_links_processed":["1","1","1"],"_sku":["CLUEDE0011"],"_regular_price":["40"],"total_sales":["1"],"_tax_status":["taxable"],"_tax_class":[""],"_manage_stock":["no"],"_backorders":["no"],"_sold_individually":["no"],"_upsell_ids":["a:1:{i:0;i:949;}"],"_crosssell_ids":["a:1:{i:0;i:4499;}"],"_virtual":["no"],"_downloadable":["no"],"_download_limit":["-1"],"_download_expiry":["-1"],"_thumbnail_id":["4516"],"_stock":[null],"_stock_status":["instock"],"_wc_average_rating":["0"],"_wc_review_count":["0"],"_product_version":["10.3.6"],"_price":["38"],"rank_math_seo_score":["80"],"_premium_title":["no"],"_wp_convertkit_post_meta":["a:4:{s:4:\"form\";s:2:\"-1\";s:12:\"landing_page\";s:0:\"\";s:3:\"tag\";s:1:\"0\";s:16:\"restrict_content\";s:1:\"0\";}"],"rank_math_primary_product_brand":["79"],"rank_math_primary_product_cat":["80"],"rank_math_primary_fb_product_set":["0"],"site-sidebar-layout":["default"],"ast-site-content-layout":["default"],"site-content-style":["default"],"site-sidebar-style":["default"],"theme-transparent-header-meta":["default"],"rank_math_focus_keyword":["krimi"],"_wc_gla_synced_at":["1776567755"],"_wc_gla_sync_status":["synced"],"_wc_gla_visibility":["sync-and-show"],"_wc_gla_google_ids":["a:1:{s:2:\"CH\";s:21:\"online:de:CH:gla_4507\";}"],"litespeed_vpi_list":["a:2:{i:0;s:29:\"CrimsonPendant_Magazine_NoBGs\";i:1;s:9:\"fr_FR.png\";}"],"litespeed_vpi_list_mobile":["a:2:{i:0;s:29:\"CrimsonPendant_Magazine_NoBGs\";i:1;s:9:\"en_GB.png\";}"],"wb_custom_tabs":["a:0:{}"],"_wc_gla_brand":["Cluehound"],"_wc_gla_condition":["new"],"_wc_gla_adult":["no"],"_wc_gla_notification_status":["updated"],"_edit_lock":["1765283786:2"],"_edit_last":["2"],"_wc_gla_isBundle":["yes"],"_last_change_time":["1765283919"],"_sale_price":["38"],"_uagb_previous_block_counts":["a:90:{s:21:\"uagb\/advanced-heading\";i:0;s:15:\"uagb\/blockquote\";i:0;s:12:\"uagb\/buttons\";i:0;s:18:\"uagb\/buttons-child\";i:0;s:19:\"uagb\/call-to-action\";i:0;s:15:\"uagb\/cf7-styler\";i:0;s:11:\"uagb\/column\";i:0;s:12:\"uagb\/columns\";i:0;s:14:\"uagb\/container\";i:0;s:21:\"uagb\/content-timeline\";i:0;s:27:\"uagb\/content-timeline-child\";i:0;s:14:\"uagb\/countdown\";i:0;s:12:\"uagb\/counter\";i:0;s:8:\"uagb\/faq\";i:0;s:14:\"uagb\/faq-child\";i:0;s:10:\"uagb\/forms\";i:0;s:17:\"uagb\/forms-accept\";i:0;s:19:\"uagb\/forms-checkbox\";i:0;s:15:\"uagb\/forms-date\";i:0;s:16:\"uagb\/forms-email\";i:0;s:17:\"uagb\/forms-hidden\";i:0;s:15:\"uagb\/forms-name\";i:0;s:16:\"uagb\/forms-phone\";i:0;s:16:\"uagb\/forms-radio\";i:0;s:17:\"uagb\/forms-select\";i:0;s:19:\"uagb\/forms-textarea\";i:0;s:17:\"uagb\/forms-toggle\";i:0;s:14:\"uagb\/forms-url\";i:0;s:14:\"uagb\/gf-styler\";i:0;s:15:\"uagb\/google-map\";i:0;s:11:\"uagb\/how-to\";i:0;s:16:\"uagb\/how-to-step\";i:0;s:9:\"uagb\/icon\";i:0;s:14:\"uagb\/icon-list\";i:0;s:20:\"uagb\/icon-list-child\";i:0;s:10:\"uagb\/image\";i:0;s:18:\"uagb\/image-gallery\";i:0;s:13:\"uagb\/info-box\";i:0;s:18:\"uagb\/inline-notice\";i:0;s:11:\"uagb\/lottie\";i:0;s:21:\"uagb\/marketing-button\";i:0;s:10:\"uagb\/modal\";i:0;s:18:\"uagb\/popup-builder\";i:0;s:16:\"uagb\/post-button\";i:0;s:18:\"uagb\/post-carousel\";i:0;s:17:\"uagb\/post-excerpt\";i:0;s:14:\"uagb\/post-grid\";i:0;s:15:\"uagb\/post-image\";i:0;s:17:\"uagb\/post-masonry\";i:0;s:14:\"uagb\/post-meta\";i:0;s:18:\"uagb\/post-taxonomy\";i:0;s:18:\"uagb\/post-timeline\";i:0;s:15:\"uagb\/post-title\";i:0;s:20:\"uagb\/restaurant-menu\";i:0;s:26:\"uagb\/restaurant-menu-child\";i:0;s:11:\"uagb\/review\";i:0;s:12:\"uagb\/section\";i:0;s:14:\"uagb\/separator\";i:0;s:11:\"uagb\/slider\";i:0;s:17:\"uagb\/slider-child\";i:0;s:17:\"uagb\/social-share\";i:0;s:23:\"uagb\/social-share-child\";i:0;s:16:\"uagb\/star-rating\";i:0;s:23:\"uagb\/sure-cart-checkout\";i:0;s:22:\"uagb\/sure-cart-product\";i:0;s:15:\"uagb\/sure-forms\";i:0;s:22:\"uagb\/table-of-contents\";i:0;s:9:\"uagb\/tabs\";i:0;s:15:\"uagb\/tabs-child\";i:0;s:18:\"uagb\/taxonomy-list\";i:0;s:9:\"uagb\/team\";i:0;s:16:\"uagb\/testimonial\";i:0;s:14:\"uagb\/wp-search\";i:0;s:19:\"uagb\/instagram-feed\";i:0;s:10:\"uagb\/login\";i:0;s:17:\"uagb\/loop-builder\";i:0;s:18:\"uagb\/loop-category\";i:0;s:20:\"uagb\/loop-pagination\";i:0;s:15:\"uagb\/loop-reset\";i:0;s:16:\"uagb\/loop-search\";i:0;s:14:\"uagb\/loop-sort\";i:0;s:17:\"uagb\/loop-wrapper\";i:0;s:13:\"uagb\/register\";i:0;s:19:\"uagb\/register-email\";i:0;s:24:\"uagb\/register-first-name\";i:0;s:23:\"uagb\/register-last-name\";i:0;s:22:\"uagb\/register-password\";i:0;s:30:\"uagb\/register-reenter-password\";i:0;s:19:\"uagb\/register-terms\";i:0;s:22:\"uagb\/register-username\";i:0;}"],"astra-migrate-meta-layouts":["set"],"_uag_css_file_name":["uag-css-4507.css"],"_wc_gla_mc_status":["approved"]},"uagb_featured_image_src":{"full":["https:\/\/imperialtwing.com\/wp-content\/uploads\/2025\/11\/deutsch-murder-duo.png",3815,3815,false],"thumbnail":["https:\/\/imperialtwing.com\/wp-content\/uploads\/2025\/11\/deutsch-murder-duo-150x150.png",150,150,true],"medium":["https:\/\/imperialtwing.com\/wp-content\/uploads\/2025\/11\/deutsch-murder-duo-300x300.png",300,300,true],"medium_large":["https:\/\/imperialtwing.com\/wp-content\/uploads\/2025\/11\/deutsch-murder-duo-768x768.png",768,768,true],"large":["https:\/\/imperialtwing.com\/wp-content\/uploads\/2025\/11\/deutsch-murder-duo-1024x1024.png",1024,1024,true],"1536x1536":["https:\/\/imperialtwing.com\/wp-content\/uploads\/2025\/11\/deutsch-murder-duo-1536x1536.png",1536,1536,true],"2048x2048":["https:\/\/imperialtwing.com\/wp-content\/uploads\/2025\/11\/deutsch-murder-duo-2048x2048.png",2048,2048,true],"trp-custom-language-flag":["https:\/\/imperialtwing.com\/wp-content\/uploads\/2025\/11\/deutsch-murder-duo-12x12.png",12,12,true],"woocommerce_thumbnail":["https:\/\/imperialtwing.com\/wp-content\/uploads\/2025\/11\/deutsch-murder-duo-500x500.png",500,500,true],"woocommerce_single":["https:\/\/imperialtwing.com\/wp-content\/uploads\/2025\/11\/deutsch-murder-duo-655x655.png",655,655,true],"woocommerce_gallery_thumbnail":["https:\/\/imperialtwing.com\/wp-content\/uploads\/2025\/11\/deutsch-murder-duo-100x100.png",100,100,true]},"uagb_author_info":{"display_name":"Lyaeus Platform","author_link":"https:\/\/imperialtwing.com\/de\/author\/"},"uagb_comment_info":0,"uagb_excerpt":"L\u00f6sen die Geheimnisse des verschwundenen Anh\u00e4ngers und der t\u00f6dlichen Kreuzfahrt. Spieler: 1-3 Sprache: Deutsch Alter: 12+ Dauer: 2-4 Stunden pro R\u00e4tselheft Zwei illustrierte Escape Spiel, in denen Sie 14 bzw. 15 R\u00e4tsel l\u00f6sen m\u00fcssen, um den M\u00f6rder zu fassen. Keine Zeitbegrenzung, und alle Hinweise und L\u00f6sungen findest du auf den letzten Seiten. &nbsp;","_links":{"self":[{"href":"https:\/\/imperialtwing.com\/de\/wp-json\/wp\/v2\/product\/4507","targetHints":{"allow":["GET"]}}],"collection":[{"href":"https:\/\/imperialtwing.com\/de\/wp-json\/wp\/v2\/product"}],"about":[{"href":"https:\/\/imperialtwing.com\/de\/wp-json\/wp\/v2\/types\/product"}],"replies":[{"embeddable":true,"href":"https:\/\/imperialtwing.com\/de\/wp-json\/wp\/v2\/comments?post=4507"}],"wp:featuredmedia":[{"embeddable":true,"href":"https:\/\/imperialtwing.com\/de\/wp-json\/wp\/v2\/media\/4516"}],"wp:attachment":[{"href":"https:\/\/imperialtwing.com\/de\/wp-json\/wp\/v2\/media?parent=4507"}],"wp:term":[{"taxonomy":"product_brand","embeddable":true,"href":"https:\/\/imperialtwing.com\/de\/wp-json\/wp\/v2\/product_brand?post=4507"},{"taxonomy":"product_cat","embeddable":true,"href":"https:\/\/imperialtwing.com\/de\/wp-json\/wp\/v2\/product_cat?post=4507"},{"taxonomy":"product_tag","embeddable":true,"href":"https:\/\/imperialtwing.com\/de\/wp-json\/wp\/v2\/product_tag?post=4507"}],"curies":[{"name":"wp","href":"https:\/\/api.w.org\/{rel}","templated":true}]}}