{"id":4431,"date":"2025-08-26T13:50:47","date_gmt":"2025-08-26T13:50:47","guid":{"rendered":"https:\/\/imperialtwing.com\/?post_type=product&#038;p=4431"},"modified":"2025-12-09T19:43:12","modified_gmt":"2025-12-09T19:43:12","slug":"the-empresss-favourite","status":"publish","type":"product","link":"https:\/\/imperialtwing.com\/de\/produkt\/the-empresss-favourite\/","title":{"rendered":"The Empress&#8217;s Favorite"},"content":{"rendered":"<p>Das ultimative Imperial Twing-Erlebnis, ausgew\u00e4hlt von der Kaiserin selbst. Erleben Sie alle Vorz\u00fcge von Imperial Twing zu einem hervorragenden imperialen Preis.<\/p>\n<div>Hol dir das komplette Imperial Twing-Erlebnis und beeindruck deine Gegner mit vier einzigartigen, hochwertigen Imperial Twing-Spielmatten.<\/div>\n<div><\/div>\n<div>The Archmage&#8217;s Selection includes:<\/div>\n<ul>\n<li>Imperial Twing Basisspiel<\/li>\n<li>Die Erweiterung \u201eDie Forderung des Drachen\u201c<\/li>\n<li>4 hochwertige Spielmatten<\/li>\n<li>4 Kunstdrucke im Format A3<\/li>\n<\/ul>\n<h2 class=\"gfu-hd gfu-hd--h2 _tc--base _mb-2\">Imperial Twing:<\/h2>\n<p><strong>Fantasy-Karten- und W\u00fcrfelspiel, 2\u20134 Spieler, 40\u201390 Minuten, ab 9 Jahren<\/strong><\/p>\n<p class=\"translation-block\"><strong>Imperial Twing<\/strong> ist ein schnelles, magisches Karten und W\u00fcrfel-Spiel. Gewiefte Taktiken und eine gute Portion Wagemut erlebst du stundenlangen Spielspass. Entfessle deine innere Hexe oder deinen inneren Magier!<\/p>\n<p>Spiele das Grosse Turnier der Magie, bei dem List, Mut und Chaos das Schicksal bestimmen.\nSteige auf zum Vize-Erzmagiers des Imperiums!<\/p>\n<p>Jede Partie ist ein Balanceakt zwischen wohl\u00fcberlegter Strategie und der rohen Anarchie der Magie.\nWird das mystische Orn dir helfen \u2026 oder sich im schlimmsten Moment gegen dich wenden?<\/p>\n<p>Entwickelt von Andres Pfister &amp; Chris Young, Illustrationen von Marius Dihr.<\/p>\n<div class=\"gfu-product-content _mt-3\">\n<h2 class=\"gfu-hd gfu-hd--h2 _tc--base _mb-2\">Game Mats:<\/h2>\n<ul>\n<li>Hochwertige Neopreonoberfl\u00e4che (61 x 35,5 cm, 1,5 mm dick) f\u00fcr fl\u00fcssiges Spielvergn\u00fcgen<\/li>\n<li>Weiche, stoff\u00e4hnliche Oberschicht sch\u00fctzt Karten und verbessert die Handhabung<\/li>\n<li>Verst\u00e4rkte Kanten und hochwertige Verarbeitung f\u00fcr l\u00e4ngere Haltbarkeit und edles Aussehen<\/li>\n<li>Rutschfeste Gummir\u00fcckseite h\u00e4lt deine Spielmatte auch bei intensiven Partien fest an ihrem Platz<\/li>\n<li>Lebendiger, lichtbest\u00e4ndiger Hochdruckdruck f\u00fcr atemberaubende individuelle Designs<\/li>\n<li>Leicht zu reinigen, rollbar f\u00fcr bequeme Aufbewahrung und Transport<\/li>\n<\/ul>\n<\/div>","protected":false},"excerpt":{"rendered":"<p><strong>Fantasy-Karten- und W\u00fcrfelspiel, 2\u20134 Spieler, 40\u201390 Minuten, ab 9 Jahren<\/strong><\/p>\n<p><strong>Hol dir das komplette Imperial Twing-Erlebnis und beeindruck deine Gegner mit vier einzigartigen, hochwertigen Imperial Twing-Spielmatten.<\/strong><\/p>\n<div>\n<p>Imperial Twing ist ein magisches Karten- und W\u00fcrfelduellspiel, das Ihre inneren Zauberkr\u00e4fte entfesselt und mit Taktik und Wagemut f\u00fcr endlose Stunden spannenden Spielspasses sorgt. Nehmen Sie am Grossen Magieturnier teil, wo List, Mut und Chaos \u00fcber das Schicksal entscheiden. Steigen Sie zum Vizearchimagier des Imperiums auf! Jedes Spiel ist ein Gl\u00fccksspiel zwischen sorgf\u00e4ltiger Strategie und dem rohen Chaos der Magie. Wird Ihnen der mystische Orn helfen ... oder sich im ung\u00fcnstigsten Moment gegen Sie wenden?<\/p>\n<p>Entwickelt von Andres Pfister &amp; Chris Young, Illustrationen von Marius Dihr.<\/p>\n<\/div>\n<div><\/div>\n<div>W\u00e4hl mit den Buttons unten zwei Matten aus:<\/div>","protected":false},"featured_media":4511,"comment_status":"open","ping_status":"closed","template":"","meta":{"_uag_custom_page_level_css":"","site-sidebar-layout":"default","site-content-layout":"","ast-site-content-layout":"default","site-content-style":"default","site-sidebar-style":"default","ast-global-header-display":"","ast-banner-title-visibility":"","ast-main-header-display":"","ast-hfb-above-header-display":"","ast-hfb-below-header-display":"","ast-hfb-mobile-header-display":"","site-post-title":"","ast-breadcrumbs-content":"","ast-featured-img":"","footer-sml-layout":"","ast-disable-related-posts":"","theme-transparent-header-meta":"default","adv-header-id-meta":"","stick-header-meta":"","header-above-stick-meta":"","header-main-stick-meta":"","header-below-stick-meta":"","astra-migrate-meta-layouts":"set","ast-page-background-enabled":"default","ast-page-background-meta":{"desktop":{"background-color":"","background-image":"","background-repeat":"repeat","background-position":"center center","background-size":"auto","background-attachment":"scroll","background-type":"","background-media":"","overlay-type":"","overlay-color":"","overlay-opacity":"","overlay-gradient":""},"tablet":{"background-color":"","background-image":"","background-repeat":"repeat","background-position":"center center","background-size":"auto","background-attachment":"scroll","background-type":"","background-media":"","overlay-type":"","overlay-color":"","overlay-opacity":"","overlay-gradient":""},"mobile":{"background-color":"","background-image":"","background-repeat":"repeat","background-position":"center center","background-size":"auto","background-attachment":"scroll","background-type":"","background-media":"","overlay-type":"","overlay-color":"","overlay-opacity":"","overlay-gradient":""}},"ast-content-background-meta":{"desktop":{"background-color":"var(--ast-global-color-5)","background-image":"","background-repeat":"repeat","background-position":"center center","background-size":"auto","background-attachment":"scroll","background-type":"","background-media":"","overlay-type":"","overlay-color":"","overlay-opacity":"","overlay-gradient":""},"tablet":{"background-color":"var(--ast-global-color-5)","background-image":"","background-repeat":"repeat","background-position":"center center","background-size":"auto","background-attachment":"scroll","background-type":"","background-media":"","overlay-type":"","overlay-color":"","overlay-opacity":"","overlay-gradient":""},"mobile":{"background-color":"var(--ast-global-color-5)","background-image":"","background-repeat":"repeat","background-position":"center center","background-size":"auto","background-attachment":"scroll","background-type":"","background-media":"","overlay-type":"","overlay-color":"","overlay-opacity":"","overlay-gradient":""}}},"product_brand":[],"product_cat":[32,35,69,33],"product_tag":[],"class_list":{"0":"post-4431","1":"product","2":"type-product","3":"status-publish","4":"has-post-thumbnail","6":"product_cat-imperial-twing","7":"product_cat-art-prints","8":"product_cat-game-mats","9":"product_cat-game-set","10":"product_shipping_class-ch-free-shipping","11":"desktop-align-left","12":"tablet-align-left","13":"mobile-align-left","14":"ast-product-gallery-layout-horizontal-slider","15":"ast-product-gallery-with-no-image","16":"ast-magnify-disabled","17":"ast-product-single-variable","18":"ast-product-tabs-layout-horizontal","20":"first","21":"instock","22":"sale","23":"featured","24":"shipping-taxable","25":"purchasable","26":"product-type-variable","27":"has-default-attributes"},"spectra_custom_meta":{"rank_math_internal_links_processed":["1","1"],"_sku":["Empress001"],"total_sales":["0"],"_tax_status":["taxable"],"_tax_class":[""],"_manage_stock":["no"],"_backorders":["no"],"_sold_individually":["no"],"_default_attributes":["a:4:{s:17:\"game-mat-design-1\";s:19:\"\"Vitruvian Teddies\"\";s:17:\"game-mat-design-2\";s:19:\"\"Vitruvian Teddies\"\";s:17:\"game-mat-design-3\";s:27:\"\"Imperial Twing Characters\"\";s:17:\"game-mat-design-4\";s:27:\"\"Imperial Twing Characters\"\";}"],"_virtual":["no"],"_downloadable":["no"],"_download_limit":["-1"],"_download_expiry":["-1"],"_stock":[null],"_stock_status":["instock"],"_wc_average_rating":["0"],"_wc_review_count":["0"],"_product_attributes":["a:4:{s:17:\"game-mat-design-1\";a:6:{s:4:\"name\";s:17:\"Game Mat design 1\";s:5:\"value\";s:49:\"\"Vitruvian Teddies\" | \"Imperial Twing Characters\"\";s:8:\"position\";i:0;s:10:\"is_visible\";i:1;s:12:\"is_variation\";i:1;s:11:\"is_taxonomy\";i:0;}s:17:\"game-mat-design-2\";a:6:{s:4:\"name\";s:17:\"Game Mat design 2\";s:5:\"value\";s:49:\"\"Vitruvian Teddies\" | \"Imperial Twing Characters\"\";s:8:\"position\";i:1;s:10:\"is_visible\";i:1;s:12:\"is_variation\";i:1;s:11:\"is_taxonomy\";i:0;}s:17:\"game-mat-design-3\";a:6:{s:4:\"name\";s:17:\"Game Mat design 3\";s:5:\"value\";s:49:\"\"Vitruvian Teddies\" | \"Imperial Twing Characters\"\";s:8:\"position\";i:2;s:10:\"is_visible\";i:1;s:12:\"is_variation\";i:1;s:11:\"is_taxonomy\";i:0;}s:17:\"game-mat-design-4\";a:6:{s:4:\"name\";s:17:\"Game Mat design 4\";s:5:\"value\";s:49:\"\"Vitruvian Teddies\" | \"Imperial Twing Characters\"\";s:8:\"position\";i:3;s:10:\"is_visible\";i:1;s:12:\"is_variation\";i:1;s:11:\"is_taxonomy\";i:0;}}"],"_product_version":["10.3.6"],"rank_math_seo_score":["27"],"_premium_title":["no"],"_wc_gla_visibility":["sync-and-show"],"_wp_convertkit_post_meta":["a:4:{s:4:\"form\";s:2:\"-1\";s:12:\"landing_page\";s:0:\"\";s:3:\"tag\";s:1:\"0\";s:16:\"restrict_content\";s:1:\"0\";}"],"rank_math_primary_product_brand":["0"],"rank_math_primary_product_cat":["32"],"rank_math_primary_fb_product_set":["0"],"site-sidebar-layout":["default"],"ast-site-content-layout":["default"],"site-content-style":["default"],"site-sidebar-style":["default"],"theme-transparent-header-meta":["default"],"_wc_facebook_sync_enabled":["yes"],"fb_visibility":["yes"],"_wc_gla_notification_status":["updated"],"rank_math_focus_keyword":["The Empress's Favourite"],"wb_custom_tabs":["a:1:{i:0;a:6:{s:5:\"title\";s:33:\"More information on the Game Mats\";s:7:\"content\";s:1878:\"<p class=\"gfu-product-content _mt-3\">At the core of this playmat\u2019s superior construction lies top-quality 1.5 mm thick neoprene material. This durable yet flexible substrate offers an ideal balance of cushioning and firmness that enhances every card interaction. Lay down your prized foil rares or shuffle through your favorite deck builds knowing that the neoprene\u2019s soft, cloth-like top layer helps minimize friction and wear, ultimately preserving the condition of both your cards and sleeves. The gentle resistance on the surface makes it simple to pick up cards without bending or marking them, and the mat\u2019s well-calibrated thickness ensures you never need to worry about uneven play areas or an unstable surface.<\/p><p>The bottom layer of this playmat features a non-slip rubber backing, designed to anchor the mat securely in place. Even during your most intense matches and lightning-fast card draws, it won\u2019t budge an inch. This stability eliminates the nagging worry of your playmat sliding off the table, allowing you to remain fully engaged in each turn without disruption. Whether you\u2019re competing at a tournament, hosting a casual home session, or visiting your local hobby store\u2019s game night, the confidence of a reliable, stationary surface is invaluable.<\/p><p>In addition to enhancing the visual and tactile aspects of game play, this playmat is remarkably low-maintenance. Spills or smudges from a late-night tournament can be easily cleaned with a damp cloth, while the neoprene\u2019s quick-drying qualities and natural odor-resistance ensure that your mat remains fresh and inviting. Its flexible construction allows it to roll up neatly, making travel and storage simple and hassle-free. Transport it to and from events without worrying about creases or permanent bends, confident in knowing that it will always lay flat and look impeccable.<\/p>\";s:8:\"tab_type\";s:5:\"local\";s:8:\"position\";s:2:\"31\";s:8:\"nickname\";s:0:\"\";s:4:\"slug\";s:0:\"\";}}"],"litespeed_vpi_list":["a:2:{i:0;s:25:\"archmage_product@0.5x.png\";i:1;s:9:\"de_DE.png\";}"],"litespeed_vpi_list_mobile":["a:2:{i:0;s:25:\"archmage_product@0.5x.png\";i:1;s:9:\"en_GB.png\";}"],"_edit_lock":["1762699665:2"],"_edit_last":["2"],"_thumbnail_id":["4511"],"_wc_gla_sync_status":["synced"],"_wc_gla_synced_at":["1774062305"],"_wc_gla_google_ids":["a:1:{s:2:\"CH\";s:21:\"online:de:CH:gla_4451\";}"],"_price":["339"],"astra-migrate-meta-layouts":["set"],"_uag_css_file_name":["uag-css-4431.css"],"_wc_gla_mc_status":["approved"],"_uag_page_assets":["a:9:{s:3:\"css\";s:7859:\".uag-blocks-common-selector{z-index:var(--z-index-desktop) !important}@media (max-width: 976px){.uag-blocks-common-selector{z-index:var(--z-index-tablet) !important}}@media (max-width: 767px){.uag-blocks-common-selector{z-index:var(--z-index-mobile) !important}}\n.wp-block-uagb-container{display:flex;position:relative;box-sizing:border-box;transition-property:box-shadow;transition-duration:0.2s;transition-timing-function:ease}.wp-block-uagb-container .spectra-container-link-overlay{bottom:0;left:0;position:absolute;right:0;top:0;z-index:10}.wp-block-uagb-container.uagb-is-root-container{margin-left:auto;margin-right:auto}.wp-block-uagb-container.alignfull.uagb-is-root-container .uagb-container-inner-blocks-wrap{display:flex;position:relative;box-sizing:border-box;margin-left:auto !important;margin-right:auto !important}.wp-block-uagb-container .wp-block-uagb-blockquote,.wp-block-uagb-container .wp-block-spectra-pro-login,.wp-block-uagb-container .wp-block-spectra-pro-register{margin:unset}.wp-block-uagb-container .uagb-container__video-wrap{height:100%;width:100%;top:0;left:0;position:absolute;overflow:hidden;-webkit-transition:opacity 1s;-o-transition:opacity 1s;transition:opacity 1s}.wp-block-uagb-container .uagb-container__video-wrap video{max-width:100%;width:100%;height:100%;margin:0;line-height:1;border:none;display:inline-block;vertical-align:baseline;-o-object-fit:cover;object-fit:cover;background-size:cover}.wp-block-uagb-container.uagb-layout-grid{display:grid;width:100%}.wp-block-uagb-container.uagb-layout-grid>.uagb-container-inner-blocks-wrap{display:inherit;width:inherit}.wp-block-uagb-container.uagb-layout-grid>.uagb-container-inner-blocks-wrap>.wp-block-uagb-container{max-width:unset !important;width:unset !important}.wp-block-uagb-container.uagb-layout-grid>.wp-block-uagb-container{max-width:unset !important;width:unset !important}.wp-block-uagb-container.uagb-layout-grid.uagb-is-root-container{margin-left:auto;margin-right:auto}.wp-block-uagb-container.uagb-layout-grid.uagb-is-root-container>.wp-block-uagb-container{max-width:unset !important;width:unset !important}.wp-block-uagb-container.uagb-layout-grid.alignwide.uagb-is-root-container{margin-left:auto;margin-right:auto}.wp-block-uagb-container.uagb-layout-grid.alignfull.uagb-is-root-container .uagb-container-inner-blocks-wrap{display:inherit;position:relative;box-sizing:border-box;margin-left:auto !important;margin-right:auto !important}body .wp-block-uagb-container>.uagb-container-inner-blocks-wrap>*:not(.wp-block-uagb-container):not(.wp-block-uagb-column):not(.wp-block-uagb-container):not(.wp-block-uagb-section):not(.uagb-container__shape):not(.uagb-container__video-wrap):not(.wp-block-spectra-pro-register):not(.wp-block-spectra-pro-login):not(.uagb-slider-container):not(.spectra-image-gallery__control-lightbox):not(.wp-block-uagb-info-box),body .wp-block-uagb-container>.uagb-container-inner-blocks-wrap,body .wp-block-uagb-container>*:not(.wp-block-uagb-container):not(.wp-block-uagb-column):not(.wp-block-uagb-container):not(.wp-block-uagb-section):not(.uagb-container__shape):not(.uagb-container__video-wrap):not(.wp-block-spectra-pro-register):not(.wp-block-spectra-pro-login):not(.uagb-slider-container):not(.spectra-container-link-overlay):not(.spectra-image-gallery__control-lightbox):not(.wp-block-uagb-lottie):not(.uagb-faq__outer-wrap){min-width:unset !important;width:100%;position:relative}body .ast-container .wp-block-uagb-container>.uagb-container-inner-blocks-wrap>.wp-block-uagb-container>ul,body .ast-container .wp-block-uagb-container>.uagb-container-inner-blocks-wrap>.wp-block-uagb-container ol,body .ast-container .wp-block-uagb-container>.uagb-container-inner-blocks-wrap>ul,body .ast-container .wp-block-uagb-container>.uagb-container-inner-blocks-wrap ol{max-width:-webkit-fill-available;margin-block-start:0;margin-block-end:0;margin-left:20px}.ast-plain-container .editor-styles-wrapper .block-editor-block-list__layout.is-root-container .uagb-is-root-container.wp-block-uagb-container.alignwide{margin-left:auto;margin-right:auto}.uagb-container__shape{overflow:hidden;position:absolute;left:0;width:100%;line-height:0;direction:ltr}.uagb-container__shape-top{top:-3px}.uagb-container__shape-bottom{bottom:-3px}.uagb-container__shape.uagb-container__invert.uagb-container__shape-bottom,.uagb-container__shape.uagb-container__invert.uagb-container__shape-top{-webkit-transform:rotate(180deg);-ms-transform:rotate(180deg);transform:rotate(180deg)}.uagb-container__shape.uagb-container__shape-flip svg{transform:translateX(-50%) rotateY(180deg)}.uagb-container__shape svg{display:block;width:-webkit-calc(100% + 1.3px);width:calc(100% + 1.3px);position:relative;left:50%;-webkit-transform:translateX(-50%);-ms-transform:translateX(-50%);transform:translateX(-50%)}.uagb-container__shape .uagb-container__shape-fill{-webkit-transform-origin:center;-ms-transform-origin:center;transform-origin:center;-webkit-transform:rotateY(0deg);transform:rotateY(0deg)}.uagb-container__shape.uagb-container__shape-above-content{z-index:9;pointer-events:none}.nv-single-page-wrap .nv-content-wrap.entry-content .wp-block-uagb-container.alignfull{margin-left:calc(50% - 50vw);margin-right:calc(50% - 50vw)}@media only screen and (max-width: 767px){.wp-block-uagb-container .wp-block-uagb-advanced-heading{width:-webkit-fill-available}}.wp-block-uagb-image--align-none{justify-content:center}\n.wp-block-uagb-container.uagb-block-c1951e2b .uagb-container__shape-top svg{width: calc( 100% + 1.3px );}.wp-block-uagb-container.uagb-block-c1951e2b .uagb-container__shape.uagb-container__shape-top .uagb-container__shape-fill{fill: rgba(51,51,51,1);}.wp-block-uagb-container.uagb-block-c1951e2b .uagb-container__shape-bottom svg{width: calc( 100% + 1.3px );}.wp-block-uagb-container.uagb-block-c1951e2b .uagb-container__shape.uagb-container__shape-bottom .uagb-container__shape-fill{fill: rgba(51,51,51,1);}.wp-block-uagb-container.uagb-block-c1951e2b .uagb-container__video-wrap video{opacity: 1;}.wp-block-uagb-container.uagb-is-root-container .uagb-block-c1951e2b{max-width: 100%;width: 100%;}.wp-block-uagb-container.uagb-is-root-container.alignfull.uagb-block-c1951e2b > .uagb-container-inner-blocks-wrap{--inner-content-custom-width: min( 100%, 1200px);max-width: var(--inner-content-custom-width);width: 100%;flex-direction: column;align-items: center;justify-content: center;flex-wrap: nowrap;row-gap: 20px;column-gap: 20px;}.wp-block-uagb-container.uagb-block-c1951e2b{box-shadow: 0px 0px   #00000070 ;padding-top: 10px;padding-bottom: 10px;padding-left: 10px;padding-right: 10px;margin-top:  !important;margin-bottom:  !important;overflow: visible;order: initial;border-color: inherit;row-gap: 20px;column-gap: 20px;}@media only screen and (max-width: 976px) {.wp-block-uagb-container.uagb-is-root-container .uagb-block-c1951e2b{width: 100%;}.wp-block-uagb-container.uagb-is-root-container.alignfull.uagb-block-c1951e2b > .uagb-container-inner-blocks-wrap{--inner-content-custom-width: min( 100%, 1024px);max-width: var(--inner-content-custom-width);width: 100%;}.wp-block-uagb-container.uagb-block-c1951e2b{padding-top: 10px;padding-bottom: 10px;padding-left: 10px;padding-right: 10px;margin-top:  !important;margin-bottom:  !important;order: initial;}}@media only screen and (max-width: 767px) {.wp-block-uagb-container.uagb-is-root-container .uagb-block-c1951e2b{max-width: 100%;width: 100%;}.wp-block-uagb-container.uagb-is-root-container.alignfull.uagb-block-c1951e2b > .uagb-container-inner-blocks-wrap{--inner-content-custom-width: min( 100%, 767px);max-width: var(--inner-content-custom-width);width: 100%;flex-wrap: wrap;}.wp-block-uagb-container.uagb-block-c1951e2b{padding-top: 10px;padding-bottom: 10px;padding-left: 10px;padding-right: 10px;margin-top:  !important;margin-bottom:  !important;order: initial;}}\";s:2:\"js\";s:0:\"\";s:18:\"current_block_list\";a:8:{i:0;s:24:\"woocommerce\/price-filter\";i:1;s:17:\"core\/widget-group\";i:2;s:27:\"woocommerce\/product-on-sale\";i:3;s:12:\"core\/heading\";i:4;s:14:\"core\/paragraph\";i:5;s:15:\"convertkit\/form\";i:6;s:10:\"core\/image\";i:7;s:14:\"uagb\/container\";}s:8:\"uag_flag\";b:1;s:11:\"uag_version\";s:10:\"1776418406\";s:6:\"gfonts\";a:0:{}s:10:\"gfonts_url\";s:0:\"\";s:12:\"gfonts_files\";a:0:{}s:14:\"uag_faq_layout\";b:0;}"]},"uagb_featured_image_src":{"full":["https:\/\/imperialtwing.com\/wp-content\/uploads\/2025\/08\/empress_product-1.jpg",2200,2200,false],"thumbnail":["https:\/\/imperialtwing.com\/wp-content\/uploads\/2025\/08\/empress_product-1-150x150.jpg",150,150,true],"medium":["https:\/\/imperialtwing.com\/wp-content\/uploads\/2025\/08\/empress_product-1-300x300.jpg",300,300,true],"medium_large":["https:\/\/imperialtwing.com\/wp-content\/uploads\/2025\/08\/empress_product-1-768x768.jpg",768,768,true],"large":["https:\/\/imperialtwing.com\/wp-content\/uploads\/2025\/08\/empress_product-1-1024x1024.jpg",1024,1024,true],"1536x1536":["https:\/\/imperialtwing.com\/wp-content\/uploads\/2025\/08\/empress_product-1-1536x1536.jpg",1536,1536,true],"2048x2048":["https:\/\/imperialtwing.com\/wp-content\/uploads\/2025\/08\/empress_product-1-2048x2048.jpg",2048,2048,true],"trp-custom-language-flag":["https:\/\/imperialtwing.com\/wp-content\/uploads\/2025\/08\/empress_product-1-12x12.jpg",12,12,true],"woocommerce_thumbnail":["https:\/\/imperialtwing.com\/wp-content\/uploads\/2025\/08\/empress_product-1-500x500.jpg",500,500,true],"woocommerce_single":["https:\/\/imperialtwing.com\/wp-content\/uploads\/2025\/08\/empress_product-1-655x655.jpg",655,655,true],"woocommerce_gallery_thumbnail":["https:\/\/imperialtwing.com\/wp-content\/uploads\/2025\/08\/empress_product-1-100x100.jpg",100,100,true]},"uagb_author_info":{"display_name":"Lyaeus Platform","author_link":"https:\/\/imperialtwing.com\/de\/author\/"},"uagb_comment_info":0,"uagb_excerpt":"Fantasy card &amp; dice game, 2-4 Players, 40-90 min, 9+ Enjoy the full Imperial Twing experience and impress your friends and opponents with four high quality Imperial Twing game mats, and four stunning A3 art prints. Imperial Twing is a magical card and dice duelling game that unleashes your mighty inner witch or wizard, using&hellip;","_links":{"self":[{"href":"https:\/\/imperialtwing.com\/de\/wp-json\/wp\/v2\/product\/4431","targetHints":{"allow":["GET"]}}],"collection":[{"href":"https:\/\/imperialtwing.com\/de\/wp-json\/wp\/v2\/product"}],"about":[{"href":"https:\/\/imperialtwing.com\/de\/wp-json\/wp\/v2\/types\/product"}],"replies":[{"embeddable":true,"href":"https:\/\/imperialtwing.com\/de\/wp-json\/wp\/v2\/comments?post=4431"}],"wp:featuredmedia":[{"embeddable":true,"href":"https:\/\/imperialtwing.com\/de\/wp-json\/wp\/v2\/media\/4511"}],"wp:attachment":[{"href":"https:\/\/imperialtwing.com\/de\/wp-json\/wp\/v2\/media?parent=4431"}],"wp:term":[{"taxonomy":"product_brand","embeddable":true,"href":"https:\/\/imperialtwing.com\/de\/wp-json\/wp\/v2\/product_brand?post=4431"},{"taxonomy":"product_cat","embeddable":true,"href":"https:\/\/imperialtwing.com\/de\/wp-json\/wp\/v2\/product_cat?post=4431"},{"taxonomy":"product_tag","embeddable":true,"href":"https:\/\/imperialtwing.com\/de\/wp-json\/wp\/v2\/product_tag?post=4431"}],"curies":[{"name":"wp","href":"https:\/\/api.w.org\/{rel}","templated":true}]}}