{"id":210,"date":"2022-03-16T19:49:48","date_gmt":"2022-03-16T19:49:48","guid":{"rendered":"https:\/\/imperialtwing.com\/?page_id=210"},"modified":"2025-01-10T14:18:11","modified_gmt":"2025-01-10T14:18:11","slug":"the-team-2","status":"publish","type":"page","link":"https:\/\/imperialtwing.com\/de\/the-team-2\/","title":{"rendered":"Das Team"},"content":{"rendered":"<h2 class=\"wp-block-heading\" style=\"margin-top:0;margin-right:0;margin-bottom:0;margin-left:0;padding-top:0;padding-right:0;padding-bottom:0;padding-left:0\">Unser irres Team <\/h2>\n\n\n\n<div class=\"wp-block-columns is-layout-flex wp-container-core-columns-is-layout-28f84493 wp-block-columns-is-layout-flex\">\n<div class=\"wp-block-column is-layout-flow wp-block-column-is-layout-flow\" style=\"flex-basis:33.33%\">\n<figure class=\"wp-block-image size-full\"><img decoding=\"async\" width=\"942\" height=\"1240\" src=\"https:\/\/imperialtwing.com\/wp-content\/uploads\/2024\/07\/THE-EMPEROR.png\" alt=\"\" class=\"wp-image-3285\" srcset=\"https:\/\/imperialtwing.com\/wp-content\/uploads\/2024\/07\/THE-EMPEROR.png 942w, https:\/\/imperialtwing.com\/wp-content\/uploads\/2024\/07\/THE-EMPEROR-228x300.png 228w, https:\/\/imperialtwing.com\/wp-content\/uploads\/2024\/07\/THE-EMPEROR-778x1024.png 778w, https:\/\/imperialtwing.com\/wp-content\/uploads\/2024\/07\/THE-EMPEROR-768x1011.png 768w, https:\/\/imperialtwing.com\/wp-content\/uploads\/2024\/07\/THE-EMPEROR-9x12.png 9w, https:\/\/imperialtwing.com\/wp-content\/uploads\/2024\/07\/THE-EMPEROR-655x862.png 655w\" sizes=\"(max-width: 942px) 100vw, 942px\" \/><\/figure>\n\n\n\n<h2 class=\"wp-block-heading\">Der Kaiser<\/h2>\n<\/div>\n\n\n\n<div class=\"wp-block-column is-layout-flow wp-block-column-is-layout-flow\" style=\"flex-basis:66.66%\">\n<p>Ich bin Andres aka Der Kaiser Claudius<\/p>\n\n\n\n<p>Ich spiele mein ganzes Leben schon spiele, aber erst vor ein paar Jahren habe ich dank Chris die unglaubliche Breite von Brettspielen kennengelernt. In meinem normalen Leben bin ich Psychologieprofessor und helfe Menschen dabei, ihre F\u00fchrungskompetenz zu entwickeln.<\/p>\n\n\n\n<p>Chris und ich sind Nachbarn und w\u00e4hrend der Pandemie haben wir unser Projekt Imperial Twing gestartet. Es hat uns einige Jahre gebraucht, um so weit zu kommen, aber heidewitzke, macht das Spass.<\/p>\n\n\n\n<p>Aktuell arbeite ich an einer Erweiterung f\u00fcr Imperial Twing (z.B. Drachen). Zudem bin ich dran, das ultimative Spiel, in welchem du versuchst Erzmagier des Imperium zu werden, zusammenzustellen. Es wird ein Brettspiel voller Intrigen, Verhandlungen, Kampf und Strategie, in welchem du versuchen wirst einen grossen Teil des Imperialen Palasts unter deine Kontrolle zu bringen, Auftr\u00e4ge zu erledigen und am Ende den Erzmagier loszuwerden.<\/p>\n<\/div>\n<\/div>\n\n\n\n<div class=\"wp-block-columns is-layout-flex wp-container-core-columns-is-layout-28f84493 wp-block-columns-is-layout-flex\">\n<div class=\"wp-block-column is-layout-flow wp-block-column-is-layout-flow\" style=\"flex-basis:33.33%\">\n<figure class=\"wp-block-image size-full\"><img decoding=\"async\" width=\"1005\" height=\"1005\" src=\"https:\/\/imperialtwing.com\/wp-content\/uploads\/2025\/01\/Archmage-1@0.5x.png\" alt=\"The Archmage\" class=\"wp-image-3636\" srcset=\"https:\/\/imperialtwing.com\/wp-content\/uploads\/2025\/01\/Archmage-1@0.5x.png 1005w, https:\/\/imperialtwing.com\/wp-content\/uploads\/2025\/01\/Archmage-1@0.5x-300x300.png 300w, https:\/\/imperialtwing.com\/wp-content\/uploads\/2025\/01\/Archmage-1@0.5x-150x150.png 150w, https:\/\/imperialtwing.com\/wp-content\/uploads\/2025\/01\/Archmage-1@0.5x-768x768.png 768w, https:\/\/imperialtwing.com\/wp-content\/uploads\/2025\/01\/Archmage-1@0.5x-12x12.png 12w, https:\/\/imperialtwing.com\/wp-content\/uploads\/2025\/01\/Archmage-1@0.5x-500x500.png 500w, https:\/\/imperialtwing.com\/wp-content\/uploads\/2025\/01\/Archmage-1@0.5x-655x655.png 655w, https:\/\/imperialtwing.com\/wp-content\/uploads\/2025\/01\/Archmage-1@0.5x-100x100.png 100w\" sizes=\"(max-width: 1005px) 100vw, 1005px\" \/><\/figure>\n\n\n\n<h2 class=\"wp-block-heading\">Der Erzmagier<\/h2>\n<\/div>\n\n\n\n<div class=\"wp-block-column is-layout-flow wp-block-column-is-layout-flow\" style=\"flex-basis:66.66%\">\n<p>Ich bin Chris aka Der Erzmagier.<\/p>\n\n\n\n<p>Ich spiele schon mein ganzes Leben Tabletopspiele. Ich liebe RPG als auch ein gutes Kartenspiel und selbstverst\u00e4ndlich ein anst\u00e4ndiges Spiel auf meiner PS5. Zusammen mit Andres sind wir in der Pandemie in unsere Entwicklungsreise gestartet.<\/p>\n\n\n\n<p>In meinem regul\u00e4ren leben bin ich ein Senior IT Project Manger und helfe Banken dabei ihre kritischen IT Projekte zu retten.<\/p>\n\n\n\n<p>Zusammen mit Andres arbeite ich an tollen Upgrades f\u00fcr Imperial Twing. Und ich arbeite an einem Imperial Twing RPG.<\/p>\n<\/div>\n<\/div>\n\n\n\n<div class=\"wp-block-columns is-layout-flex wp-container-core-columns-is-layout-28f84493 wp-block-columns-is-layout-flex\">\n<div class=\"wp-block-column is-layout-flow wp-block-column-is-layout-flow\" style=\"flex-basis:33.33%\">\n<figure class=\"wp-block-image size-full\"><img decoding=\"async\" width=\"942\" height=\"1024\" src=\"https:\/\/imperialtwing.com\/wp-content\/uploads\/2024\/07\/mariusdihr-scaled-e1577790070878-942x1024-1.jpg\" alt=\"\" class=\"wp-image-3284\" srcset=\"https:\/\/imperialtwing.com\/wp-content\/uploads\/2024\/07\/mariusdihr-scaled-e1577790070878-942x1024-1.jpg 942w, https:\/\/imperialtwing.com\/wp-content\/uploads\/2024\/07\/mariusdihr-scaled-e1577790070878-942x1024-1-276x300.jpg 276w, https:\/\/imperialtwing.com\/wp-content\/uploads\/2024\/07\/mariusdihr-scaled-e1577790070878-942x1024-1-768x835.jpg 768w, https:\/\/imperialtwing.com\/wp-content\/uploads\/2024\/07\/mariusdihr-scaled-e1577790070878-942x1024-1-11x12.jpg 11w, https:\/\/imperialtwing.com\/wp-content\/uploads\/2024\/07\/mariusdihr-scaled-e1577790070878-942x1024-1-655x712.jpg 655w\" sizes=\"(max-width: 942px) 100vw, 942px\" \/><\/figure>\n\n\n\n<h2 class=\"wp-block-heading\">Imperialer Illustrator<\/h2>\n<\/div>\n\n\n\n<div class=\"wp-block-column is-layout-flow wp-block-column-is-layout-flow\" style=\"flex-basis:66.66%\">\n<p>Ich bin Marius aka Der Imperiale Illustrator.<\/p>\n\n\n\n<p>Ich bin ein Schweizer K\u00fcnstler und Freelance Illustrator. Nach meinem Master in Umweltnaturwissenschaften, meinem ersten wissenschaftlichen Artikel und meiner Arbeit f\u00fcr die Stadt Z\u00fcrich im Departement f\u00fcr Umwelt und Nachhaltigkeit habe ich mich dazu entschieden, voll in die Grafik-Freelance Welt einzutauchen. Auch arbeite ich als Lehrer.<\/p>\n\n\n\n<p>Chris und Andres sind vor ein paar Jahren auf mich zugekommen und haben mich gefragt, ob ich das Gesamtdesign f\u00fcr Imperial Twing machen will.<\/p>\n\n\n\n<p>Ihr zentrales Qualit\u00e4tskriterium war Grossartigkeit (Awesomeness) und ich habe mein Bestes gegeben.<\/p>\n\n\n\n<p>Neben meiner Arbeit als K\u00fcnstler liebe ich segeln und habe \u00fcber ein Jahr segelnd in der Karibik und im Pazifik verbracht.<\/p>\n\n\n\n<p>Ich mache nicht nur Illustrationen f\u00fcr Spiele, also werft einen Blick auf meine Homepage: <a href=\"https:\/\/mariusdihr.ch\/\" target=\"_blank\" rel=\"noopener\">https:\/\/mariusdihr.ch\/<\/a><\/p>\n<\/div>\n<\/div>","protected":false},"excerpt":{"rendered":"<p>Meet our amazing team. The Emperor I&#8217;m Andres aka The Emperor Claudius. I&#8217;ve been playing games all my life, although I discovered the enormous range of boardgames just a few years ago. In my normal life I&#8217;m a psychology professor teaching professionals how to lead. Chris and I were neighbours and during the pandemic we [&hellip;]<\/p>","protected":false},"author":3,"featured_media":0,"parent":0,"menu_order":0,"comment_status":"closed","ping_status":"closed","template":"","meta":{"_uag_custom_page_level_css":"","site-sidebar-layout":"default","site-content-layout":"","ast-site-content-layout":"default","site-content-style":"default","site-sidebar-style":"default","ast-global-header-display":"","ast-banner-title-visibility":"","ast-main-header-display":"","ast-hfb-above-header-display":"","ast-hfb-below-header-display":"","ast-hfb-mobile-header-display":"","site-post-title":"disabled","ast-breadcrumbs-content":"","ast-featured-img":"","footer-sml-layout":"","ast-disable-related-posts":"","theme-transparent-header-meta":"","adv-header-id-meta":"","stick-header-meta":"","header-above-stick-meta":"","header-main-stick-meta":"","header-below-stick-meta":"","astra-migrate-meta-layouts":"set","ast-page-background-enabled":"default","ast-page-background-meta":{"desktop":{"background-color":"","background-image":"","background-repeat":"repeat","background-position":"center center","background-size":"auto","background-attachment":"scroll","background-type":"","background-media":"","overlay-type":"","overlay-color":"","overlay-opacity":"","overlay-gradient":""},"tablet":{"background-color":"","background-image":"","background-repeat":"repeat","background-position":"center center","background-size":"auto","background-attachment":"scroll","background-type":"","background-media":"","overlay-type":"","overlay-color":"","overlay-opacity":"","overlay-gradient":""},"mobile":{"background-color":"","background-image":"","background-repeat":"repeat","background-position":"center center","background-size":"auto","background-attachment":"scroll","background-type":"","background-media":"","overlay-type":"","overlay-color":"","overlay-opacity":"","overlay-gradient":""}},"ast-content-background-meta":{"desktop":{"background-color":"var(--ast-global-color-5)","background-image":"","background-repeat":"repeat","background-position":"center center","background-size":"auto","background-attachment":"scroll","background-type":"","background-media":"","overlay-type":"","overlay-color":"","overlay-opacity":"","overlay-gradient":""},"tablet":{"background-color":"var(--ast-global-color-5)","background-image":"","background-repeat":"repeat","background-position":"center center","background-size":"auto","background-attachment":"scroll","background-type":"","background-media":"","overlay-type":"","overlay-color":"","overlay-opacity":"","overlay-gradient":""},"mobile":{"background-color":"var(--ast-global-color-5)","background-image":"","background-repeat":"repeat","background-position":"center center","background-size":"auto","background-attachment":"scroll","background-type":"","background-media":"","overlay-type":"","overlay-color":"","overlay-opacity":"","overlay-gradient":""}},"footnotes":""},"class_list":["post-210","page","type-page","status-publish","hentry"],"spectra_custom_meta":{"_edit_lock":["1736518702:2"],"_edit_last":["2"],"_genesis_scripts_body_position":["bottom"],"_genesis_hide_title":["1"],"_genesis_hide_breadcrumbs":[""],"_genesis_hide_singular_image":["1"],"_genesis_hide_footer_widgets":[""],"_genesis_custom_body_class":[""],"_genesis_custom_post_class":[""],"_genesis_layout":["full-width-content"],"_wpml_word_count":["{\"total\":91,\"to_translate\":null}"],"_wpml_media_featured":["1"],"_wpml_media_duplicate":["0"],"_last_editor_used_jetpack":["block-editor"],"rank_math_analytic_object_id":["5"],"rank_math_internal_links_processed":["1"],"rank_math_seo_score":["70"],"rank_math_focus_keyword":["team"],"rank_math_og_content_image":["a:2:{s:5:\"check\";s:32:\"34be9dad6da055cce678b9204226105a\";s:6:\"images\";a:1:{i:0;i:3285;}}"],"_uag_custom_page_level_css":[""],"ast-site-content-layout":["default"],"site-post-title":["disabled"],"theme-transparent-header-meta":[""],"adv-header-id-meta":[""],"stick-header-meta":[""],"astra-migrate-meta-layouts":["set"],"footnotes":[""],"_wp_convertkit_post_meta":["a:4:{s:4:\"form\";s:2:\"-1\";s:12:\"landing_page\";s:1:\"0\";s:3:\"tag\";s:1:\"0\";s:16:\"restrict_content\";s:1:\"0\";}"],"litespeed_vpi_list":["a:2:{i:0;s:38:\"cropped-twing-logo-website-small-1.png\";i:1;s:15:\"THE-EMPEROR.png\";}"],"litespeed_vpi_list_mobile":["a:2:{i:0;s:15:\"THE-EMPEROR.png\";i:1;s:9:\"fr_FR.png\";}"],"_uagb_previous_block_counts":["a:90:{s:21:\"uagb\/advanced-heading\";i:0;s:15:\"uagb\/blockquote\";i:0;s:12:\"uagb\/buttons\";i:0;s:18:\"uagb\/buttons-child\";i:0;s:19:\"uagb\/call-to-action\";i:0;s:15:\"uagb\/cf7-styler\";i:0;s:11:\"uagb\/column\";i:0;s:12:\"uagb\/columns\";i:0;s:14:\"uagb\/container\";i:0;s:21:\"uagb\/content-timeline\";i:0;s:27:\"uagb\/content-timeline-child\";i:0;s:14:\"uagb\/countdown\";i:0;s:12:\"uagb\/counter\";i:0;s:8:\"uagb\/faq\";i:0;s:14:\"uagb\/faq-child\";i:0;s:10:\"uagb\/forms\";i:0;s:17:\"uagb\/forms-accept\";i:0;s:19:\"uagb\/forms-checkbox\";i:0;s:15:\"uagb\/forms-date\";i:0;s:16:\"uagb\/forms-email\";i:0;s:17:\"uagb\/forms-hidden\";i:0;s:15:\"uagb\/forms-name\";i:0;s:16:\"uagb\/forms-phone\";i:0;s:16:\"uagb\/forms-radio\";i:0;s:17:\"uagb\/forms-select\";i:0;s:19:\"uagb\/forms-textarea\";i:0;s:17:\"uagb\/forms-toggle\";i:0;s:14:\"uagb\/forms-url\";i:0;s:14:\"uagb\/gf-styler\";i:0;s:15:\"uagb\/google-map\";i:0;s:11:\"uagb\/how-to\";i:0;s:16:\"uagb\/how-to-step\";i:0;s:9:\"uagb\/icon\";i:0;s:14:\"uagb\/icon-list\";i:0;s:20:\"uagb\/icon-list-child\";i:0;s:10:\"uagb\/image\";i:0;s:18:\"uagb\/image-gallery\";i:0;s:13:\"uagb\/info-box\";i:0;s:18:\"uagb\/inline-notice\";i:0;s:11:\"uagb\/lottie\";i:0;s:21:\"uagb\/marketing-button\";i:0;s:10:\"uagb\/modal\";i:0;s:18:\"uagb\/popup-builder\";i:0;s:16:\"uagb\/post-button\";i:0;s:18:\"uagb\/post-carousel\";i:0;s:17:\"uagb\/post-excerpt\";i:0;s:14:\"uagb\/post-grid\";i:0;s:15:\"uagb\/post-image\";i:0;s:17:\"uagb\/post-masonry\";i:0;s:14:\"uagb\/post-meta\";i:0;s:18:\"uagb\/post-taxonomy\";i:0;s:18:\"uagb\/post-timeline\";i:0;s:15:\"uagb\/post-title\";i:0;s:20:\"uagb\/restaurant-menu\";i:0;s:26:\"uagb\/restaurant-menu-child\";i:0;s:11:\"uagb\/review\";i:0;s:12:\"uagb\/section\";i:0;s:14:\"uagb\/separator\";i:0;s:11:\"uagb\/slider\";i:0;s:17:\"uagb\/slider-child\";i:0;s:17:\"uagb\/social-share\";i:0;s:23:\"uagb\/social-share-child\";i:0;s:16:\"uagb\/star-rating\";i:0;s:23:\"uagb\/sure-cart-checkout\";i:0;s:22:\"uagb\/sure-cart-product\";i:0;s:15:\"uagb\/sure-forms\";i:0;s:22:\"uagb\/table-of-contents\";i:0;s:9:\"uagb\/tabs\";i:0;s:15:\"uagb\/tabs-child\";i:0;s:18:\"uagb\/taxonomy-list\";i:0;s:9:\"uagb\/team\";i:0;s:16:\"uagb\/testimonial\";i:0;s:14:\"uagb\/wp-search\";i:0;s:19:\"uagb\/instagram-feed\";i:0;s:10:\"uagb\/login\";i:0;s:17:\"uagb\/loop-builder\";i:0;s:18:\"uagb\/loop-category\";i:0;s:20:\"uagb\/loop-pagination\";i:0;s:15:\"uagb\/loop-reset\";i:0;s:16:\"uagb\/loop-search\";i:0;s:14:\"uagb\/loop-sort\";i:0;s:17:\"uagb\/loop-wrapper\";i:0;s:13:\"uagb\/register\";i:0;s:19:\"uagb\/register-email\";i:0;s:24:\"uagb\/register-first-name\";i:0;s:23:\"uagb\/register-last-name\";i:0;s:22:\"uagb\/register-password\";i:0;s:30:\"uagb\/register-reenter-password\";i:0;s:19:\"uagb\/register-terms\";i:0;s:22:\"uagb\/register-username\";i:0;}"],"_uag_css_file_name":["uag-css-210.css"],"_uag_page_assets":["a:9:{s:3:\"css\";s:7859:\".uag-blocks-common-selector{z-index:var(--z-index-desktop) !important}@media (max-width: 976px){.uag-blocks-common-selector{z-index:var(--z-index-tablet) !important}}@media (max-width: 767px){.uag-blocks-common-selector{z-index:var(--z-index-mobile) !important}}\n.wp-block-uagb-container{display:flex;position:relative;box-sizing:border-box;transition-property:box-shadow;transition-duration:0.2s;transition-timing-function:ease}.wp-block-uagb-container .spectra-container-link-overlay{bottom:0;left:0;position:absolute;right:0;top:0;z-index:10}.wp-block-uagb-container.uagb-is-root-container{margin-left:auto;margin-right:auto}.wp-block-uagb-container.alignfull.uagb-is-root-container .uagb-container-inner-blocks-wrap{display:flex;position:relative;box-sizing:border-box;margin-left:auto !important;margin-right:auto !important}.wp-block-uagb-container .wp-block-uagb-blockquote,.wp-block-uagb-container .wp-block-spectra-pro-login,.wp-block-uagb-container .wp-block-spectra-pro-register{margin:unset}.wp-block-uagb-container .uagb-container__video-wrap{height:100%;width:100%;top:0;left:0;position:absolute;overflow:hidden;-webkit-transition:opacity 1s;-o-transition:opacity 1s;transition:opacity 1s}.wp-block-uagb-container .uagb-container__video-wrap video{max-width:100%;width:100%;height:100%;margin:0;line-height:1;border:none;display:inline-block;vertical-align:baseline;-o-object-fit:cover;object-fit:cover;background-size:cover}.wp-block-uagb-container.uagb-layout-grid{display:grid;width:100%}.wp-block-uagb-container.uagb-layout-grid>.uagb-container-inner-blocks-wrap{display:inherit;width:inherit}.wp-block-uagb-container.uagb-layout-grid>.uagb-container-inner-blocks-wrap>.wp-block-uagb-container{max-width:unset !important;width:unset !important}.wp-block-uagb-container.uagb-layout-grid>.wp-block-uagb-container{max-width:unset !important;width:unset !important}.wp-block-uagb-container.uagb-layout-grid.uagb-is-root-container{margin-left:auto;margin-right:auto}.wp-block-uagb-container.uagb-layout-grid.uagb-is-root-container>.wp-block-uagb-container{max-width:unset !important;width:unset !important}.wp-block-uagb-container.uagb-layout-grid.alignwide.uagb-is-root-container{margin-left:auto;margin-right:auto}.wp-block-uagb-container.uagb-layout-grid.alignfull.uagb-is-root-container .uagb-container-inner-blocks-wrap{display:inherit;position:relative;box-sizing:border-box;margin-left:auto !important;margin-right:auto !important}body .wp-block-uagb-container>.uagb-container-inner-blocks-wrap>*:not(.wp-block-uagb-container):not(.wp-block-uagb-column):not(.wp-block-uagb-container):not(.wp-block-uagb-section):not(.uagb-container__shape):not(.uagb-container__video-wrap):not(.wp-block-spectra-pro-register):not(.wp-block-spectra-pro-login):not(.uagb-slider-container):not(.spectra-image-gallery__control-lightbox):not(.wp-block-uagb-info-box),body .wp-block-uagb-container>.uagb-container-inner-blocks-wrap,body .wp-block-uagb-container>*:not(.wp-block-uagb-container):not(.wp-block-uagb-column):not(.wp-block-uagb-container):not(.wp-block-uagb-section):not(.uagb-container__shape):not(.uagb-container__video-wrap):not(.wp-block-spectra-pro-register):not(.wp-block-spectra-pro-login):not(.uagb-slider-container):not(.spectra-container-link-overlay):not(.spectra-image-gallery__control-lightbox):not(.wp-block-uagb-lottie):not(.uagb-faq__outer-wrap){min-width:unset !important;width:100%;position:relative}body .ast-container .wp-block-uagb-container>.uagb-container-inner-blocks-wrap>.wp-block-uagb-container>ul,body .ast-container .wp-block-uagb-container>.uagb-container-inner-blocks-wrap>.wp-block-uagb-container ol,body .ast-container .wp-block-uagb-container>.uagb-container-inner-blocks-wrap>ul,body .ast-container .wp-block-uagb-container>.uagb-container-inner-blocks-wrap ol{max-width:-webkit-fill-available;margin-block-start:0;margin-block-end:0;margin-left:20px}.ast-plain-container .editor-styles-wrapper .block-editor-block-list__layout.is-root-container .uagb-is-root-container.wp-block-uagb-container.alignwide{margin-left:auto;margin-right:auto}.uagb-container__shape{overflow:hidden;position:absolute;left:0;width:100%;line-height:0;direction:ltr}.uagb-container__shape-top{top:-3px}.uagb-container__shape-bottom{bottom:-3px}.uagb-container__shape.uagb-container__invert.uagb-container__shape-bottom,.uagb-container__shape.uagb-container__invert.uagb-container__shape-top{-webkit-transform:rotate(180deg);-ms-transform:rotate(180deg);transform:rotate(180deg)}.uagb-container__shape.uagb-container__shape-flip svg{transform:translateX(-50%) rotateY(180deg)}.uagb-container__shape svg{display:block;width:-webkit-calc(100% + 1.3px);width:calc(100% + 1.3px);position:relative;left:50%;-webkit-transform:translateX(-50%);-ms-transform:translateX(-50%);transform:translateX(-50%)}.uagb-container__shape .uagb-container__shape-fill{-webkit-transform-origin:center;-ms-transform-origin:center;transform-origin:center;-webkit-transform:rotateY(0deg);transform:rotateY(0deg)}.uagb-container__shape.uagb-container__shape-above-content{z-index:9;pointer-events:none}.nv-single-page-wrap .nv-content-wrap.entry-content .wp-block-uagb-container.alignfull{margin-left:calc(50% - 50vw);margin-right:calc(50% - 50vw)}@media only screen and (max-width: 767px){.wp-block-uagb-container .wp-block-uagb-advanced-heading{width:-webkit-fill-available}}.wp-block-uagb-image--align-none{justify-content:center}\n.wp-block-uagb-container.uagb-block-c1951e2b .uagb-container__shape-top svg{width: calc( 100% + 1.3px );}.wp-block-uagb-container.uagb-block-c1951e2b .uagb-container__shape.uagb-container__shape-top .uagb-container__shape-fill{fill: rgba(51,51,51,1);}.wp-block-uagb-container.uagb-block-c1951e2b .uagb-container__shape-bottom svg{width: calc( 100% + 1.3px );}.wp-block-uagb-container.uagb-block-c1951e2b .uagb-container__shape.uagb-container__shape-bottom .uagb-container__shape-fill{fill: rgba(51,51,51,1);}.wp-block-uagb-container.uagb-block-c1951e2b .uagb-container__video-wrap video{opacity: 1;}.wp-block-uagb-container.uagb-is-root-container .uagb-block-c1951e2b{max-width: 100%;width: 100%;}.wp-block-uagb-container.uagb-is-root-container.alignfull.uagb-block-c1951e2b > .uagb-container-inner-blocks-wrap{--inner-content-custom-width: min( 100%, 1200px);max-width: var(--inner-content-custom-width);width: 100%;flex-direction: column;align-items: center;justify-content: center;flex-wrap: nowrap;row-gap: 20px;column-gap: 20px;}.wp-block-uagb-container.uagb-block-c1951e2b{box-shadow: 0px 0px   #00000070 ;padding-top: 10px;padding-bottom: 10px;padding-left: 10px;padding-right: 10px;margin-top:  !important;margin-bottom:  !important;overflow: visible;order: initial;border-color: inherit;row-gap: 20px;column-gap: 20px;}@media only screen and (max-width: 976px) {.wp-block-uagb-container.uagb-is-root-container .uagb-block-c1951e2b{width: 100%;}.wp-block-uagb-container.uagb-is-root-container.alignfull.uagb-block-c1951e2b > .uagb-container-inner-blocks-wrap{--inner-content-custom-width: min( 100%, 1024px);max-width: var(--inner-content-custom-width);width: 100%;}.wp-block-uagb-container.uagb-block-c1951e2b{padding-top: 10px;padding-bottom: 10px;padding-left: 10px;padding-right: 10px;margin-top:  !important;margin-bottom:  !important;order: initial;}}@media only screen and (max-width: 767px) {.wp-block-uagb-container.uagb-is-root-container .uagb-block-c1951e2b{max-width: 100%;width: 100%;}.wp-block-uagb-container.uagb-is-root-container.alignfull.uagb-block-c1951e2b > .uagb-container-inner-blocks-wrap{--inner-content-custom-width: min( 100%, 767px);max-width: var(--inner-content-custom-width);width: 100%;flex-wrap: wrap;}.wp-block-uagb-container.uagb-block-c1951e2b{padding-top: 10px;padding-bottom: 10px;padding-left: 10px;padding-right: 10px;margin-top:  !important;margin-bottom:  !important;order: initial;}}\";s:2:\"js\";s:0:\"\";s:18:\"current_block_list\";a:10:{i:0;s:12:\"core\/heading\";i:1;s:12:\"core\/columns\";i:2;s:11:\"core\/column\";i:3;s:10:\"core\/image\";i:5;s:14:\"core\/paragraph\";i:6;s:24:\"woocommerce\/price-filter\";i:7;s:17:\"core\/widget-group\";i:8;s:27:\"woocommerce\/product-on-sale\";i:9;s:15:\"convertkit\/form\";i:10;s:14:\"uagb\/container\";}s:8:\"uag_flag\";b:1;s:11:\"uag_version\";s:10:\"1776418406\";s:6:\"gfonts\";a:0:{}s:10:\"gfonts_url\";s:0:\"\";s:12:\"gfonts_files\";a:0:{}s:14:\"uag_faq_layout\";b:0;}"]},"uagb_featured_image_src":{"full":false,"thumbnail":false,"medium":false,"medium_large":false,"large":false,"1536x1536":false,"2048x2048":false,"trp-custom-language-flag":false,"woocommerce_thumbnail":false,"woocommerce_single":false,"woocommerce_gallery_thumbnail":false},"uagb_author_info":{"display_name":"His Royal Majesty The Emperor","author_link":"https:\/\/imperialtwing.com\/de\/author\/emperor\/"},"uagb_comment_info":0,"uagb_excerpt":"Meet our amazing team. The Emperor I&#8217;m Andres aka The Emperor Claudius. I&#8217;ve been playing games all my life, although I discovered the enormous range of boardgames just a few years ago. In my normal life I&#8217;m a psychology professor teaching professionals how to lead. Chris and I were neighbours and during the pandemic we&hellip;","_links":{"self":[{"href":"https:\/\/imperialtwing.com\/de\/wp-json\/wp\/v2\/pages\/210","targetHints":{"allow":["GET"]}}],"collection":[{"href":"https:\/\/imperialtwing.com\/de\/wp-json\/wp\/v2\/pages"}],"about":[{"href":"https:\/\/imperialtwing.com\/de\/wp-json\/wp\/v2\/types\/page"}],"author":[{"embeddable":true,"href":"https:\/\/imperialtwing.com\/de\/wp-json\/wp\/v2\/users\/3"}],"replies":[{"embeddable":true,"href":"https:\/\/imperialtwing.com\/de\/wp-json\/wp\/v2\/comments?post=210"}],"version-history":[{"count":23,"href":"https:\/\/imperialtwing.com\/de\/wp-json\/wp\/v2\/pages\/210\/revisions"}],"predecessor-version":[{"id":3637,"href":"https:\/\/imperialtwing.com\/de\/wp-json\/wp\/v2\/pages\/210\/revisions\/3637"}],"wp:attachment":[{"href":"https:\/\/imperialtwing.com\/de\/wp-json\/wp\/v2\/media?parent=210"}],"curies":[{"name":"wp","href":"https:\/\/api.w.org\/{rel}","templated":true}]}}